{"id":7887,"date":"2026-02-17T15:13:47","date_gmt":"2026-02-17T14:13:47","guid":{"rendered":"https:\/\/www.montanea.bike\/eshop\/?post_type=product&#038;p=7887"},"modified":"2026-02-17T19:37:01","modified_gmt":"2026-02-17T18:37:01","slug":"signature-blanc","status":"publish","type":"product","link":"https:\/\/www.montanea.bike\/eshop\/product\/signature-blanc\/","title":{"rendered":"Signature Blanc"},"content":{"rendered":"<p>[vc_row][vc_column][vc_column_text]<\/p>\n<h6 class=\"p1\">Ce t-shirt associant style et fonctionnalit\u00e9 est \u00e0 manches longues avec renfort au coude r\u00e9duisant le risque de d\u00e9chirures lors de chutes est sp\u00e9cialement con\u00e7u pour r\u00e9pondre id\u00e9alement aux besoins des passionn\u00e9s de VTT Enduro, DH et Trial.<\/h6>\n<h6 class=\"p1\">Ce mod\u00e8le a pour atouts des manches raglans offrant une libert\u00e9 de mouvement optimale, un panneau dorsal plus long qui assure une parfaite couverture en mouvement, coupe droite.<\/h6>\n<h6 class=\"p1\">Fabriqu\u00e9 avec deux mati\u00e8res recycl\u00e9es avec \u00e9lasthanne, \u00ab\u00a0oeko-tex standard 100\u00a0\u00bb respirantes de haute performance, ce maillots vous garde au frais et au sec m\u00eame dans la pratique la plus intense.<\/h6>\n<h6 class=\"p1\">Un jersey technique respirant sous les bras et le long du c\u00f4t\u00e9 favorise une ventilation suppl\u00e9mentaire, \u00e9vacue l&rsquo;humidit\u00e9 et vous offre un confort optimal tout au long de votre parcours.<\/h6>\n<h6 class=\"p1\">La conception est 100 % fran\u00e7aise pour l&rsquo;excellence et l&rsquo;innovation.<\/h6>\n<p>[\/vc_column_text][\/vc_column][\/vc_row][vc_row][vc_column][vc_separator][\/vc_column][\/vc_row][vc_row][vc_column][vc_column_text]<\/p>\n<p id=\"taille-maillot\" class=\"p1\"><strong><span style=\"color: #7e7e84; font-size: 14px;\">Guide des tailles<\/span><\/strong><\/p>\n<h6>Trouvez la taille parfaite pour votre maillot<\/h6>\n<p>[\/vc_column_text][\/vc_column][\/vc_row][vc_row][vc_column][vc_raw_js]JTNDJTIxRE9DVFlQRSUyMGh0bWwlM0UlMEElM0NodG1sJTIwbGFuZyUzRCUyMmZyJTIyJTNFJTBBJTNDaGVhZCUzRSUwQSUyMCUyMCUzQ21ldGElMjBjaGFyc2V0JTNEJTIyVVRGLTglMjIlMjAlMkYlM0UlMEElMjAlMjAlM0NtZXRhJTIwbmFtZSUzRCUyMnZpZXdwb3J0JTIyJTIwY29udGVudCUzRCUyMndpZHRoJTNEZGV2aWNlLXdpZHRoJTJDJTIwaW5pdGlhbC1zY2FsZSUzRDEuMCUyMiUyRiUzRSUwQSUyMCUyMCUzQ3RpdGxlJTNFR3VpZGUlMjBkZXMlMjB0YWlsbGVzJTIwZW4lMjBNb2RhbCUzQyUyRnRpdGxlJTNFJTBBJTIwJTIwJTNDc3R5bGUlM0UlMEElMjAlMjAlMjAlMjAubW9kYWwtb3ZlcmxheSUyMCU3QiUwQSUyMCUyMCUyMCUyMCUyMCUyMGRpc3BsYXklM0ElMjBub25lJTNCJTBBJTIwJTIwJTIwJTIwJTIwJTIwcG9zaXRpb24lM0ElMjBmaXhlZCUzQiUwQSUyMCUyMCUyMCUyMCUyMCUyMGluc2V0JTNBJTIwMCUzQiUwQSUyMCUyMCUyMCUyMCUyMCUyMGJhY2tncm91bmQtY29sb3IlM0ElMjByZ2JhJTI4MCUyQyUyMDAlMkMlMjAwJTJDJTIwMC41JTI5JTNCJTBBJTIwJTIwJTIwJTIwJTIwJTIwanVzdGlmeS1jb250ZW50JTNBJTIwY2VudGVyJTNCJTBBJTIwJTIwJTIwJTIwJTIwJTIwYWxpZ24taXRlbXMlM0ElMjBjZW50ZXIlM0IlMEElMjAlMjAlMjAlMjAlMjAlMjB6LWluZGV4JTNBJTIwMTAwMDElM0IlMEElMjAlMjAlMjAlMjAlMjAlMjAtd2Via2l0LWp1c3RpZnktY29udGVudCUzQSUyMGNlbnRlciUzQiUwQSUyMCUyMCUyMCUyMCUyMCUyMC13ZWJraXQtYWxpZ24taXRlbXMlM0ElMjBjZW50ZXIlM0IlMEElMjAlMjAlMjAlMjAlN0QlMEElMEElMjAlMjAlMjAlMjAubW9kYWwtY29udGVudCUyMCU3QiUwQSUyMCUyMCUyMCUyMCUyMCUyMHBvc2l0aW9uJTNBJTIwZml4ZWQlM0IlMEElMjAlMjAlMjAlMjAlMjAlMjBiYWNrZ3JvdW5kLWNvbG9yJTNBJTIwJTIzZmZmJTNCJTBBJTIwJTIwJTIwJTIwJTIwJTIwcGFkZGluZyUzQSUyMDIwcHglM0IlMEElMjAlMjAlMjAlMjAlMjAlMjBib3JkZXItcmFkaXVzJTNBJTIwOHB4JTNCJTBBJTIwJTIwJTIwJTIwJTIwJTIwYm94LXNoYWRvdyUzQSUyMDBweCUyMDRweCUyMDhweCUyMHJnYmElMjgwJTJDJTIwMCUyQyUyMDAlMkMlMjAwLjIlMjklM0IlMEElMjAlMjAlMjAlMjAlMjAlMjB3aWR0aCUzQSUyMDkwJTI1JTNCJTBBJTIwJTIwJTIwJTIwJTIwJTIwaGVpZ2h0JTNBJTIwYXV0byUzQiUwQSUyMCUyMCUyMCUyMCUyMCUyMG1heC13aWR0aCUzQSUyMDYwMHB4JTNCJTBBJTIwJTIwJTIwJTIwJTIwJTIwbWF4LWhlaWdodCUzQSUyMDkwdmglM0IlMEElMjAlMjAlMjAlMjAlMjAlMjB0ZXh0LWFsaWduJTNBJTIwY2VudGVyJTNCJTBBJTIwJTIwJTIwJTIwJTIwJTIwei1pbmRleCUzQSUyMDEwMDAwMSUzQiUwQSUyMCUyMCUyMCUyMCUyMCUyMGJveC1zaXppbmclM0ElMjBib3JkZXItYm94JTNCJTBBJTIwJTIwJTIwJTIwJTdEJTBBJTBBJTIwJTIwJTIwJTIwLm1vZGFsLXRpdGxlJTIwJTdCJTBBJTIwJTIwJTIwJTIwJTIwJTIwZm9udC1zaXplJTNBJTIwMjRweCUzQiUwQSUyMCUyMCUyMCUyMCUyMCUyMGZvbnQtd2VpZ2h0JTNBJTIwYm9sZCUzQiUwQSUyMCUyMCUyMCUyMCUyMCUyMG1hcmdpbiUzQSUyMDIwcHglMjAwJTIwMTBweCUzQiUwQSUyMCUyMCUyMCUyMCU3RCUwQSUwQSUyMCUyMCUyMCUyMC5tb2RhbC1zdWJ0aXRsZSUyMCU3QiUwQSUyMCUyMCUyMCUyMCUyMCUyMGZvbnQtc2l6ZSUzQSUyMDE4cHglM0IlMEElMjAlMjAlMjAlMjAlMjAlMjBjb2xvciUzQSUyMCUyMzU1NSUzQiUwQSUyMCUyMCUyMCUyMCUyMCUyMG1hcmdpbiUzQSUyMDAlMjAwJTIwMjBweCUzQiUwQSUyMCUyMCUyMCUyMCU3RCUwQSUwQSUyMCUyMCUyMCUyMC5tb2RhbC1pbWFnZSUyMCU3QiUwQSUyMCUyMCUyMCUyMCUyMCUyMG1heC13aWR0aCUzQSUyMDEwMCUyNSUzQiUwQSUyMCUyMCUyMCUyMCUyMCUyMG1heC1oZWlnaHQlM0ElMjA2MHZoJTNCJTBBJTIwJTIwJTIwJTIwJTIwJTIwYm9yZGVyLXJhZGl1cyUzQSUyMDVweCUzQiUwQSUyMCUyMCUyMCUyMCUyMCUyMG9iamVjdC1maXQlM0ElMjBjb250YWluJTNCJTBBJTIwJTIwJTIwJTIwJTdEJTBBJTBBJTIwJTIwJTIwJTIwLmNsb3NlLWJ0biUyMCU3QiUwQSUyMCUyMCUyMCUyMCUyMCUyMHBvc2l0aW9uJTNBJTIwYWJzb2x1dGUlM0IlMEElMjAlMjAlMjAlMjAlMjAlMjB0b3AlM0ElMjAxMHB4JTNCJTBBJTIwJTIwJTIwJTIwJTIwJTIwcmlnaHQlM0ElMjAxMHB4JTNCJTBBJTIwJTIwJTIwJTIwJTIwJTIwY3Vyc29yJTNBJTIwcG9pbnRlciUzQiUwQSUyMCUyMCUyMCUyMCUyMCUyMGZvbnQtc2l6ZSUzQSUyMDQwcHglM0IlMEElMjAlMjAlMjAlMjAlMjAlMjBjb2xvciUzQSUyMCUyMzg4OCUzQiUwQSUyMCUyMCUyMCUyMCUyMCUyMGZvbnQtd2VpZ2h0JTNBJTIwYm9sZCUzQiUwQSUyMCUyMCUyMCUyMCUyMCUyMGJhY2tncm91bmQlM0ElMjBub25lJTNCJTBBJTIwJTIwJTIwJTIwJTIwJTIwYm9yZGVyJTNBJTIwbm9uZSUzQiUwQSUyMCUyMCUyMCUyMCUyMCUyMGxpbmUtaGVpZ2h0JTNBJTIwMSUzQiUwQSUyMCUyMCUyMCUyMCU3RCUwQSUwQSUyMCUyMCUyMCUyMC5jbG9zZS1idG4lM0Fob3ZlciUyMCU3QiUwQSUyMCUyMCUyMCUyMCUyMCUyMGNvbG9yJTNBJTIwJTIzMDAwJTNCJTBBJTIwJTIwJTIwJTIwJTIwJTIwYmFja2dyb3VuZCUzQSUyMG5vbmUlM0IlMEElMjAlMjAlMjAlMjAlN0QlMEElMEElMjAlMjAlMjAlMjAlMkYlMkElMjBTdHlsZSUyMGR1JTIwYm91dG9uJTIwTW9udGFuZWElMjAlMkElMkYlMEElMjAlMjAlMjAlMjBhLmJvdXRvbi1ndWlkZSUyMCU3QiUwQSUyMCUyMCUyMCUyMCUyMCUyMGRpc3BsYXklM0ElMjBpbmxpbmUtYmxvY2slM0IlMEElMjAlMjAlMjAlMjAlMjAlMjBwYWRkaW5nJTNBJTIwMTBweCUyMDIwcHglM0IlMEElMjAlMjAlMjAlMjAlMjAlMjBiYWNrZ3JvdW5kLWNvbG9yJTNBJTIwdHJhbnNwYXJlbnQlM0IlMEElMjAlMjAlMjAlMjAlMjAlMjBjb2xvciUzQSUyMCUyMzAwNzFlMyUzQiUwQSUyMCUyMCUyMCUyMCUyMCUyMHRleHQtZGVjb3JhdGlvbiUzQSUyMG5vbmUlM0IlMEElMjAlMjAlMjAlMjAlMjAlMjBib3JkZXIlM0ElMjAycHglMjBzb2xpZCUyMCUyMzAwNzFlMyUzQiUwQSUyMCUyMCUyMCUyMCUyMCUyMGJvcmRlci1yYWRpdXMlM0ElMjAxMDBweCUzQiUwQSUyMCUyMCUyMCUyMCUyMCUyMGZvbnQtd2VpZ2h0JTNBJTIwYm9sZCUzQiUwQSUyMCUyMCUyMCUyMCUyMCUyMGZvbnQtc2l6ZSUzQSUyMDEycHglM0IlMEElMjAlMjAlMjAlMjAlMjAlMjB0cmFuc2l0aW9uJTNBJTIwYmFja2dyb3VuZC1jb2xvciUyMDAuM3MlMjBlYXNlJTJDJTIwY29sb3IlMjAwLjNzJTIwZWFzZSUzQiUwQSUyMCUyMCUyMCUyMCU3RCUwQSUwQSUyMCUyMCUyMCUyMGEuYm91dG9uLWd1aWRlJTNBaG92ZXIlMjAlN0IlMEElMjAlMjAlMjAlMjAlMjAlMjBiYWNrZ3JvdW5kLWNvbG9yJTNBJTIwJTIzMDA3MWUzJTNCJTBBJTIwJTIwJTIwJTIwJTIwJTIwY29sb3IlM0ElMjAlMjNmZmZmZmYlM0IlMEElMjAlMjAlMjAlMjAlN0QlMEElMjAlMjAlM0MlMkZzdHlsZSUzRSUwQSUzQyUyRmhlYWQlM0UlMEElM0Nib2R5JTNFJTBBJTBBJTNDJTIxLS0lMjBCb3V0b24lMjBzdHlsaXMlQzMlQTklMjBpZGVudGlxdWUlMjAlQzMlQTAlMjBjZWx1aSUyMGRlJTIwbGElMjBmaWNoZSUyMHByb2R1aXQlMjAtLSUzRSUwQSUzQ2ElMjBjbGFzcyUzRCUyMmJvdXRvbi1ndWlkZSUyMiUyMGhyZWYlM0QlMjJqYXZhc2NyaXB0JTNBdm9pZCUyODAlMjklM0IlMjIlMjBvbmNsaWNrJTNEJTIyb3Blbk1vZGFsJTI4JTI5JTIyJTNFR3VpZGUlMjBkZXMlMjB0YWlsbGVzJTNDJTJGYSUzRSUwQSUwQSUzQyUyMS0tJTIwTW9kYWwlMjAtLSUzRSUwQSUzQ2RpdiUyMGNsYXNzJTNEJTIybW9kYWwtb3ZlcmxheSUyMiUyMGlkJTNEJTIybW9kYWwlMjIlMjBvbmNsaWNrJTNEJTIyY2xvc2VNb2RhbE9uT3V0c2lkZUNsaWNrJTI4ZXZlbnQlMjklMjIlM0UlMEElMjAlMjAlM0NkaXYlMjBjbGFzcyUzRCUyMm1vZGFsLWNvbnRlbnQlMjIlM0UlMEElMjAlMjAlMjAlMjAlM0NidXR0b24lMjBjbGFzcyUzRCUyMmNsb3NlLWJ0biUyMiUyMG9uY2xpY2slM0QlMjJjbG9zZU1vZGFsJTI4JTI5JTIyJTNFJUMzJTk3JTNDJTJGYnV0dG9uJTNFJTBBJTIwJTIwJTIwJTIwJTNDaDIlMjBjbGFzcyUzRCUyMm1vZGFsLXRpdGxlJTIyJTNFR3VpZGUlMjBkZXMlMjB0YWlsbGVzJTNDJTJGaDIlM0UlMEElMjAlMjAlMjAlMjAlM0NwJTIwY2xhc3MlM0QlMjJtb2RhbC1zdWJ0aXRsZSUyMiUzRVRyb3V2ZXolMjBsYSUyMHRhaWxsZSUyMHBhcmZhaXRlJTIwcG91ciUyMHZvdHJlJTIwbWFpbGxvdCUzQyUyRnAlM0UlMEElMjAlMjAlMjAlMjAlM0NpbWclMjBzcmMlM0QlMjJodHRwcyUzQSUyRiUyRnd3dy5tb250YW5lYS5iaWtlJTJGZXNob3AlMkZ3cC1jb250ZW50JTJGdXBsb2FkcyUyRjIwMjQlMkYxMCUyRmd1aWRlLXRhaWxsZS1tb2RhbC1tZWRpdW0ucG5nJTIyJTIwYWx0JTNEJTIyR3VpZGUlMjBkZXMlMjB0YWlsbGVzJTIyJTIwY2xhc3MlM0QlMjJtb2RhbC1pbWFnZSUyMiUzRSUwQSUyMCUyMCUzQyUyRmRpdiUzRSUwQSUzQyUyRmRpdiUzRSUwQSUwQSUzQ3NjcmlwdCUzRSUwQSUyMCUyMGNvbnN0JTIwbW9kYWwlMjAlM0QlMjBkb2N1bWVudC5nZXRFbGVtZW50QnlJZCUyOCUyMm1vZGFsJTIyJTI5JTNCJTBBJTBBJTIwJTIwZnVuY3Rpb24lMjBvcGVuTW9kYWwlMjglMjklMjAlN0IlMEElMjAlMjAlMjAlMjBtb2RhbC5zdHlsZS5kaXNwbGF5JTIwJTNEJTIwJTIyZmxleCUyMiUzQiUwQSUyMCUyMCU3RCUwQSUwQSUyMCUyMGZ1bmN0aW9uJTIwY2xvc2VNb2RhbCUyOCUyOSUyMCU3QiUwQSUyMCUyMCUyMCUyMG1vZGFsLnN0eWxlLmRpc3BsYXklMjAlM0QlMjAlMjJub25lJTIyJTNCJTBBJTIwJTIwJTdEJTBBJTBBJTIwJTIwZnVuY3Rpb24lMjBjbG9zZU1vZGFsT25PdXRzaWRlQ2xpY2slMjhldmVudCUyOSUyMCU3QiUwQSUyMCUyMCUyMCUyMGlmJTIwJTI4ZXZlbnQudGFyZ2V0JTIwJTNEJTNEJTNEJTIwbW9kYWwlMjklMjBjbG9zZU1vZGFsJTI4JTI5JTNCJTBBJTIwJTIwJTdEJTBBJTNDJTJGc2NyaXB0JTNFJTBBJTBBJTNDJTJGYm9keSUzRSUwQSUzQyUyRmh0bWwlM0U=[\/vc_raw_js][\/vc_column][\/vc_row]<\/p>\n","protected":false},"excerpt":{"rendered":"Descriptif maillot :\nCoupe droite,\nCol en V,\nManches longues,\nManches raglan,\nCou sans \u00e9tiquette\nComposition maillot :\n78% polyester recycl\u00e9 et 22% \u00e9lasthanne.\nComposition des renforts aux coudes :\n79% polyamide et 29% \u00e9lasthanne.\n&nbsp;\n\nGuide des tailles","protected":false},"featured_media":7904,"template":"","meta":[],"product_brand":[],"product_cat":[204,239,214,147],"product_tag":[108],"class_list":{"0":"post-7887","1":"product","2":"type-product","3":"status-publish","4":"has-post-thumbnail","6":"product_cat-afficher-tous","7":"product_cat-blanc","8":"product_cat-couleur-unie","9":"product_cat-maillot-signature","10":"product_tag-collection-signature","11":"mbf-entry","13":"first","14":"instock","15":"featured","16":"purchasable","17":"product-type-variable","18":"has-default-attributes"},"aioseo_notices":[],"jetpack_sharing_enabled":true,"_links":{"self":[{"href":"https:\/\/www.montanea.bike\/eshop\/wp-json\/wp\/v2\/product\/7887","targetHints":{"allow":["GET"]}}],"collection":[{"href":"https:\/\/www.montanea.bike\/eshop\/wp-json\/wp\/v2\/product"}],"about":[{"href":"https:\/\/www.montanea.bike\/eshop\/wp-json\/wp\/v2\/types\/product"}],"wp:featuredmedia":[{"embeddable":true,"href":"https:\/\/www.montanea.bike\/eshop\/wp-json\/wp\/v2\/media\/7904"}],"wp:attachment":[{"href":"https:\/\/www.montanea.bike\/eshop\/wp-json\/wp\/v2\/media?parent=7887"}],"wp:term":[{"taxonomy":"product_brand","embeddable":true,"href":"https:\/\/www.montanea.bike\/eshop\/wp-json\/wp\/v2\/product_brand?post=7887"},{"taxonomy":"product_cat","embeddable":true,"href":"https:\/\/www.montanea.bike\/eshop\/wp-json\/wp\/v2\/product_cat?post=7887"},{"taxonomy":"product_tag","embeddable":true,"href":"https:\/\/www.montanea.bike\/eshop\/wp-json\/wp\/v2\/product_tag?post=7887"}],"curies":[{"name":"wp","href":"https:\/\/api.w.org\/{rel}","templated":true}]}}